{"id":27,"date":"2023-06-27T17:47:56","date_gmt":"2023-06-27T17:47:56","guid":{"rendered":"https:\/\/ctselectrodomesticos.com\/?page_id=27"},"modified":"2023-07-05T04:35:20","modified_gmt":"2023-07-05T04:35:20","slug":"inicio","status":"publish","type":"page","link":"https:\/\/ctselectrodomesticos.com\/","title":{"rendered":"CTS"},"content":{"rendered":"\r\n<div class=\"wp-block-columns alignwide is-layout-flex wp-container-core-columns-is-layout-829b1d53 wp-block-columns-is-layout-flex\" style=\"margin-bottom: 0;\">\r\n<div class=\"wp-block-column has-vivid-cyan-blue-background-color has-text-color has-background has-link-color wp-elements-1b54611cdbc649535e8ac9288c31bc1e is-layout-flow wp-block-column-is-layout-flow\" style=\"color: #000000; padding: 2em;\">\r\n<h1 id=\"single\" class=\"wp-block-heading\" style=\"font-size: 40px;\"><b style=\"color: #000000; font-size: 40px;\">CTS <\/b><span style=\"font-size: 40px;\"><b>Electrodom\u00e9sticos<\/b><\/span><b style=\"color: #000000; font-size: 40px;\">\u00a0<\/b><\/h1>\r\n\r\n\r\n\r\n<p class=\"has-normal-font-size\" style=\"line-height: 1.5;\"><span style=\"color: #000000;\">Somos una compa\u00f1\u00eda prestadora de servicio t\u00e9cnicos como venta reparaci\u00f3n, instalaci\u00f3n, mantenimiento, fabricaci\u00f3n y restauraci\u00f3n de electrodom\u00e9sticos. CTS naci\u00f3 en Bogot\u00e1 y ha expandido su cobertura hasta los municipios de la sabana centro de Bogot\u00e1, contando as\u00ed con un amplio portafolio de servicios y con presencia en los principales municipios. en CTS estamos comprometidos al buen servicio, a la honestidad en nuestros diagn\u00f3sticos y a cumplir de la mejor tarea con la misi\u00f3n que nos hemos propuesto de prestar el mejor servicio posible al mejor precio y en el menor tiempo. Entendemos que el mundo actual requiere metodolog\u00edas de trabajo que contribuyan al aprovechamiento de los recursos y el tiempo, en consecuencia, el personal de CTS trabaja con unas pol\u00edticas<span style=\"font-size: 1rem;\"> de servicio claras, practicas y <\/span>r\u00e1pidas.<\/span><\/p>\r\n\r\n\r\n<hr class=\"wp-block-separator has-text-color has-css-opacity has-background is-style-wide\" style=\"background-color: #000000; color: #000000;\" \/>\r\n\r\n\r\n<ul class=\"has-normal-font-size wp-block-list\" style=\"color: #000000;\">\r\n<li>Repuestos originales directamente de la marca.<\/li>\r\n\r\n\r\n\r\n<li>Servicio garantizado<\/li>\r\n\r\n\r\n\r\n<li>Servicio a domicilio<\/li>\r\n<li>Servicio autorizado por las marcas<\/li>\r\n<li>Recibimos toda las tarjetas\u00a0\u00a0<\/li>\r\n<\/ul>\r\n\r\n\r\n\r\n<div class=\"wp-block-buttons alignfull is-horizontal is-content-justification-center is-layout-flex wp-container-core-buttons-is-layout-499968f5 wp-block-buttons-is-layout-flex\" style=\"color: #000000;\"><\/div>\r\n<\/div>\r\n\r\n\r\n\r\n<div class=\"wp-block-column has-pale-cyan-blue-background-color has-text-color has-background has-link-color wp-elements-9b8d588652d69249f554f43b7281b428 is-layout-flow wp-block-column-is-layout-flow\" style=\"color: #000000; padding: 2em;\">\r\n<h2 id=\"family\" class=\"wp-block-heading\" style=\"font-size: 40px;\"><strong>Domicilio<\/strong><\/h2>\r\n\r\n\r\n\r\n<p class=\"has-normal-font-size\" style=\"line-height: 1.5;\">Conocemos la dificultad para desplazar un electrodom\u00e9stico, as\u00ed que, acudimos hasta su ubicaci\u00f3n donde efectuamos una revisi\u00f3n que nos dar\u00e1 los costos y el diagnostico. CTS en sus pol\u00edticas de servicio siempre optara por realizar la reparaci\u00f3n en el domicilio donde se encuentre el electrodom\u00e9stico, y solamente en casos extremos se sugerir\u00e1 su traslado hasta nuestros talleres.\u00a0 \u00a0<\/p>\r\n\r\n\r\n<hr class=\"wp-block-separator has-css-opacity is-style-wide\" \/>\r\n\r\n\r\n<ul class=\"has-normal-font-size wp-block-list\">\r\n<li>Prestamos servicio presencial de lunes a vienes\u00a0 8:00am a 6pm. S\u00e1bados de 9am a 3pm.<\/li>\r\n<li>prestamos servicio virtual y de oficina de lunes a s\u00e1bado de 8am a 6pm.<\/li>\r\n\r\n\r\n\r\n\r\n<\/ul>\r\n\r\n\r\n\r\n<div class=\"wp-block-buttons alignfull is-horizontal is-content-justification-center is-layout-flex wp-container-core-buttons-is-layout-499968f5 wp-block-buttons-is-layout-flex\"><\/div>\r\n<\/div>\r\n\r\n\r\n\r\n<div class=\"wp-block-column has-cyan-bluish-gray-background-color has-text-color has-background has-link-color wp-elements-8e7f118b9c07bba1ffa04b357bd73654 is-layout-flow wp-block-column-is-layout-flow\" style=\"color: #000000; padding: 2em;\">\r\n<h2 id=\"patron\" class=\"wp-block-heading\" style=\"font-size: 40px;\"><strong>Todas Las Marcas<\/strong><\/h2>\r\n\r\n\r\n\r\n<ul class=\"has-normal-font-size\">\r\n\r\n\r\n<li>\r\n<h2>Whirlpool<\/h2>\r\n<\/li>\r\n\r\n\r\n\r\n<li>\r\n<h2>Samsung<\/h2>\r\n<\/li>\r\n<li>\r\n<h2>LG<\/h2>\r\n<\/li>\r\n<li>\r\n<h2>Mabe<\/h2>\r\n<\/li>\r\n<li>\r\n<h2>Haceb<\/h2>\r\n<\/li>\r\n<li>\r\n<h2>Centrales<\/h2>\r\n<\/li>\r\n<li>\r\n<h2>Electolux<\/h2>\r\n<\/li>\r\n<li>\r\n<h2>Frigidaire<\/h2>\r\n<\/li>\r\n<li>\r\n<h2>Kitchen aid<\/h2>\r\n<\/li>\r\n<li>\r\n<h2>Bosch<\/h2>\r\n<\/li>\r\n<\/ul>\r\n\r\n\r\n\r\n<div class=\"wp-block-buttons alignfull is-horizontal is-content-justification-center is-layout-flex wp-container-core-buttons-is-layout-499968f5 wp-block-buttons-is-layout-flex\"><\/div>\r\n<\/div>\r\n<\/div>\r\n<!-- \/wp:post-content -->\r\n\r\n<!-- wp:cover {\"url\":\"https:\/\/pd.w.org\/2022\/01\/2661f82cd1ba9172.16386413.jpg\",\"id\":334,\"dimRatio\":90,\"customOverlayColor\":\"#2c3066\",\"minHeight\":50,\"minHeightUnit\":\"vh\",\"align\":\"full\",\"style\":{\"spacing\":{\"padding\":{\"top\":\"4vw\",\"right\":\"4vw\",\"bottom\":\"4vw\",\"left\":\"4vw\"},\"margin\":{\"top\":\"0\"}},\"color\":{\"duotone\":[\"rgb(44, 48, 102)\",\"#ffb23d\"]}}} -->\r\n<div class=\"wp-block-cover alignfull\" style=\"margin-top: 0; min-height: 50vh; padding: 4vw;\"><hr \/><img loading=\"lazy\" decoding=\"async\" class=\"alignnone size-medium wp-image-173\" src=\"https:\/\/ctselectrodomesticos.com\/wp-content\/uploads\/2023\/06\/IMAGENPAGINAdomicilio-300x169.png\" alt=\"\" width=\"300\" height=\"169\" srcset=\"https:\/\/ctselectrodomesticos.com\/wp-content\/uploads\/2023\/06\/IMAGENPAGINAdomicilio-300x169.png 300w, https:\/\/ctselectrodomesticos.com\/wp-content\/uploads\/2023\/06\/IMAGENPAGINAdomicilio.png 600w\" sizes=\"auto, (max-width: 300px) 100vw, 300px\" \/><br \/>\r\n<div class=\"wp-block-cover__inner-container\"><!-- wp:group {\"style\":{\"spacing\":{\"blockGap\":\"0px\"}},\"layout\":{\"type\":\"default\"}} -->\r\n<div class=\"wp-block-group\"><!-- wp:paragraph {\"align\":\"center\",\"style\":{\"typography\":{\"textTransform\":\"uppercase\",\"fontStyle\":\"normal\",\"fontWeight\":\"700\",\"lineHeight\":\"0.9\",\"letterSpacing\":\"-2px\"}},\"textColor\":\"vivid-cyan-blue\",\"fontSize\":\"large\"} -->\r\n<p class=\"has-text-align-center has-vivid-cyan-blue-color has-text-color has-large-font-size\" style=\"font-style: normal; font-weight: bold; letter-spacing: -2px; line-height: 0.9; text-transform: uppercase;\">DisfrutE HOY<\/p>\r\n<!-- \/wp:paragraph -->\r\n\r\n<!-- wp:paragraph {\"align\":\"center\",\"style\":{\"typography\":{\"fontSize\":\"67px\",\"textTransform\":\"uppercase\",\"fontStyle\":\"normal\",\"fontWeight\":\"700\",\"lineHeight\":\"0.9\",\"letterSpacing\":\"-2px\"}},\"textColor\":\"vivid-cyan-blue\"} -->\r\n<p class=\"has-text-align-center has-vivid-cyan-blue-color has-text-color\" style=\"font-size: 67px; font-style: normal; font-weight: bold; letter-spacing: -2px; line-height: 0.9; text-transform: uppercase;\">20% de descuento<\/p>\r\n<!-- \/wp:paragraph -->\r\n\r\n<!-- wp:spacer {\"height\":\"48px\"} -->\r\n<div class=\"wp-block-spacer\" style=\"height: 48px;\" aria-hidden=\"true\">\u00a0<\/div>\r\n<!-- \/wp:spacer -->\r\n\r\n<!-- wp:buttons {\"layout\":{\"type\":\"flex\",\"justifyContent\":\"center\"}} -->\r\n<div class=\"wp-block-buttons\"><!-- wp:button {\"backgroundColor\":\"vivid-cyan-blue\",\"textColor\":\"white\",\"style\":{\"spacing\":{\"padding\":{\"top\":\"32px\",\"right\":\"48px\",\"bottom\":\"32px\",\"left\":\"48px\"}},\"typography\":{\"fontSize\":\"20px\",\"textTransform\":\"uppercase\",\"letterSpacing\":\"1px\",\"fontStyle\":\"normal\",\"fontWeight\":\"700\"}}} -->\r\n<div class=\"wp-block-button has-custom-font-size\" style=\"font-size: 20px; font-style: normal; font-weight: bold; letter-spacing: 1px; text-transform: uppercase;\"><a class=\"wp-block-button__link has-white-color has-vivid-cyan-blue-background-color has-text-color has-background wp-element-button\" style=\"padding: 32px 48px 32px 48px;\" href=\"https:\/\/ctselectrodomesticos.com\/?page_id=43\">SOLICITELO ahora<\/a><\/div>\r\n<!-- \/wp:button --><\/div>\r\n<!-- \/wp:buttons --><\/div>\r\n<!-- \/wp:group --><\/div>\r\n<\/div>\r\n<!-- \/wp:cover -->\r\n\r\n<!-- wp:algori-image-video-slider\/block-algori-image-video-slider {\"sliderImagesVideos\":[{\"alt\":\"\",\"caption\":\"\",\"id\":84,\"link\":\"https:\/\/ctselectrodomesticos.com\/?attachment_id=84\",\"url\":\"https:\/\/ctselectrodomesticos.com\/wp-content\/uploads\/2023\/06\/MARCA7.png\",\"type\":\"image\",\"mime\":\"image\/png\"},{\"alt\":\"\",\"caption\":\"\",\"id\":85,\"link\":\"https:\/\/ctselectrodomesticos.com\/?attachment_id=85\",\"url\":\"https:\/\/ctselectrodomesticos.com\/wp-content\/uploads\/2023\/06\/MARCA6.png\",\"type\":\"image\",\"mime\":\"image\/png\"},{\"alt\":\"\",\"caption\":\"\",\"id\":86,\"link\":\"https:\/\/ctselectrodomesticos.com\/?attachment_id=86\",\"url\":\"https:\/\/ctselectrodomesticos.com\/wp-content\/uploads\/2023\/06\/MARCA5.png\",\"type\":\"image\",\"mime\":\"image\/png\"},{\"alt\":\"\",\"caption\":\"\",\"id\":87,\"link\":\"https:\/\/ctselectrodomesticos.com\/?attachment_id=87\",\"url\":\"https:\/\/ctselectrodomesticos.com\/wp-content\/uploads\/2023\/06\/MARCA4.png\",\"type\":\"image\",\"mime\":\"image\/png\"},{\"alt\":\"\",\"caption\":\"\",\"id\":88,\"link\":\"https:\/\/ctselectrodomesticos.com\/?attachment_id=88\",\"url\":\"https:\/\/ctselectrodomesticos.com\/wp-content\/uploads\/2023\/06\/MARCA3.png\",\"type\":\"image\",\"mime\":\"image\/png\"},{\"alt\":\"\",\"caption\":\"\",\"id\":89,\"link\":\"https:\/\/ctselectrodomesticos.com\/?attachment_id=89\",\"url\":\"https:\/\/ctselectrodomesticos.com\/wp-content\/uploads\/2023\/06\/MARCA2.png\",\"type\":\"image\",\"mime\":\"image\/png\"},{\"alt\":\"\",\"caption\":\"\",\"id\":90,\"link\":\"https:\/\/ctselectrodomesticos.com\/?attachment_id=90\",\"url\":\"https:\/\/ctselectrodomesticos.com\/wp-content\/uploads\/2023\/06\/MARCA1.png\",\"type\":\"image\",\"mime\":\"image\/png\"}],\"settings\":{\"dots\":true,\"arrows\":true,\"autoplay\":true,\"pauseOnFocus\":false,\"rtl\":false,\"vertical\":false,\"fade\":false,\"lazyLoad\":false,\"centerMode\":false,\"infinite\":true,\"adaptiveHeight\":true,\"speed\":500,\"autoplaySpeed\":3000,\"slidesToShow\":1,\"slidesToScroll\":1,\"rows\":1,\"slidesPerRow\":1},\"currentSlide\":3} -->\r\n<div class=\"wp-block-algori-image-video-slider-block-algori-image-video-slider dots-style-1-off-slide arrows-style-1-off-slide\" data-slick=\"{&quot;dots&quot;:true,&quot;arrows&quot;:true,&quot;autoplay&quot;:true,&quot;pauseOnFocus&quot;:false,&quot;rtl&quot;:false,&quot;vertical&quot;:false,&quot;fade&quot;:false,&quot;lazyLoad&quot;:false,&quot;centerMode&quot;:false,&quot;infinite&quot;:true,&quot;adaptiveHeight&quot;:true,&quot;speed&quot;:500,&quot;autoplaySpeed&quot;:3000,&quot;slidesToShow&quot;:1,&quot;slidesToScroll&quot;:1,&quot;rows&quot;:1,&quot;slidesPerRow&quot;:1}\">\r\n<div>\r\n<figure class=\"algori-image-video-slider-slide-container\"><img decoding=\"async\" src=\"https:\/\/ctselectrodomesticos.com\/wp-content\/uploads\/2023\/06\/MARCA7.png\" alt=\"\" \/><\/figure>\r\n<\/div>\r\n<div>\r\n<figure class=\"algori-image-video-slider-slide-container\"><img decoding=\"async\" src=\"https:\/\/ctselectrodomesticos.com\/wp-content\/uploads\/2023\/06\/MARCA6.png\" alt=\"\" \/><\/figure>\r\n<\/div>\r\n<div>\r\n<figure class=\"algori-image-video-slider-slide-container\"><img decoding=\"async\" src=\"https:\/\/ctselectrodomesticos.com\/wp-content\/uploads\/2023\/06\/MARCA5.png\" alt=\"\" \/><\/figure>\r\n<\/div>\r\n<div>\r\n<figure class=\"algori-image-video-slider-slide-container\"><img decoding=\"async\" src=\"https:\/\/ctselectrodomesticos.com\/wp-content\/uploads\/2023\/06\/MARCA4.png\" alt=\"\" \/><\/figure>\r\n<\/div>\r\n<div>\r\n<figure class=\"algori-image-video-slider-slide-container\"><img decoding=\"async\" src=\"https:\/\/ctselectrodomesticos.com\/wp-content\/uploads\/2023\/06\/MARCA3.png\" alt=\"\" \/><\/figure>\r\n<\/div>\r\n<div>\r\n<figure class=\"algori-image-video-slider-slide-container\"><img decoding=\"async\" src=\"https:\/\/ctselectrodomesticos.com\/wp-content\/uploads\/2023\/06\/MARCA2.png\" alt=\"\" \/><\/figure>\r\n<\/div>\r\n<div>\r\n<figure class=\"algori-image-video-slider-slide-container\"><img decoding=\"async\" src=\"https:\/\/ctselectrodomesticos.com\/wp-content\/uploads\/2023\/06\/MARCA1.png\" alt=\"\" \/><\/figure>\r\n<\/div>\r\n<\/div>\r\n<!-- \/wp:algori-image-video-slider\/block-algori-image-video-slider -->\r\n\r\n<!-- wp:gallery {\"linkTo\":\"none\"} -->\r\n<figure class=\"wp-block-gallery has-nested-images columns-default is-cropped\"><!-- wp:image {\"id\":81,\"sizeSlug\":\"large\",\"linkDestination\":\"none\"} -->\r\n<figure class=\"wp-block-image size-large\"><img loading=\"lazy\" decoding=\"async\" width=\"1024\" height=\"246\" class=\"wp-image-81\" src=\"https:\/\/ctselectrodomesticos.com\/wp-content\/uploads\/2023\/06\/mapa-1024x246.png\" alt=\"\" srcset=\"https:\/\/ctselectrodomesticos.com\/wp-content\/uploads\/2023\/06\/mapa-1024x246.png 1024w, https:\/\/ctselectrodomesticos.com\/wp-content\/uploads\/2023\/06\/mapa-300x72.png 300w, https:\/\/ctselectrodomesticos.com\/wp-content\/uploads\/2023\/06\/mapa-768x184.png 768w, https:\/\/ctselectrodomesticos.com\/wp-content\/uploads\/2023\/06\/mapa.png 1191w\" sizes=\"auto, (max-width: 1024px) 100vw, 1024px\" \/><\/figure>\r\n<!-- \/wp:image --><\/figure>\r\n<!-- \/wp:gallery -->","protected":false},"excerpt":{"rendered":"<p>CTS Electrodom\u00e9sticos\u00a0 Somos una compa\u00f1\u00eda prestadora de servicio t\u00e9cnicos como venta reparaci\u00f3n, instalaci\u00f3n, mantenimiento, fabricaci\u00f3n y restauraci\u00f3n de electrodom\u00e9sticos. CTS naci\u00f3 en Bogot\u00e1 y ha expandido su cobertura hasta los municipios de la sabana centro de Bogot\u00e1, contando as\u00ed con un amplio portafolio de servicios y con presencia en los principales municipios. en CTS estamos [&hellip;]<\/p>\n","protected":false},"author":1,"featured_media":35,"parent":0,"menu_order":1,"comment_status":"closed","ping_status":"closed","template":"page-template\/home-custom.php","meta":{"_joinchat":[],"footnotes":""},"class_list":["post-27","page","type-page","status-publish","has-post-thumbnail","hentry"],"_links":{"self":[{"href":"https:\/\/ctselectrodomesticos.com\/index.php?rest_route=\/wp\/v2\/pages\/27","targetHints":{"allow":["GET"]}}],"collection":[{"href":"https:\/\/ctselectrodomesticos.com\/index.php?rest_route=\/wp\/v2\/pages"}],"about":[{"href":"https:\/\/ctselectrodomesticos.com\/index.php?rest_route=\/wp\/v2\/types\/page"}],"author":[{"embeddable":true,"href":"https:\/\/ctselectrodomesticos.com\/index.php?rest_route=\/wp\/v2\/users\/1"}],"replies":[{"embeddable":true,"href":"https:\/\/ctselectrodomesticos.com\/index.php?rest_route=%2Fwp%2Fv2%2Fcomments&post=27"}],"version-history":[{"count":20,"href":"https:\/\/ctselectrodomesticos.com\/index.php?rest_route=\/wp\/v2\/pages\/27\/revisions"}],"predecessor-version":[{"id":271,"href":"https:\/\/ctselectrodomesticos.com\/index.php?rest_route=\/wp\/v2\/pages\/27\/revisions\/271"}],"wp:featuredmedia":[{"embeddable":true,"href":"https:\/\/ctselectrodomesticos.com\/index.php?rest_route=\/wp\/v2\/media\/35"}],"wp:attachment":[{"href":"https:\/\/ctselectrodomesticos.com\/index.php?rest_route=%2Fwp%2Fv2%2Fmedia&parent=27"}],"curies":[{"name":"wp","href":"https:\/\/api.w.org\/{rel}","templated":true}]}}